{"id":2308,"date":"2024-06-17T11:59:49","date_gmt":"2024-06-17T11:59:49","guid":{"rendered":"https:\/\/mydrap-professional.com\/?page_id=2308"},"modified":"2024-06-17T13:42:38","modified_gmt":"2024-06-17T13:42:38","slug":"cookie-policy","status":"publish","type":"page","link":"https:\/\/mydrap-professional.com\/fr\/cookie-policy\/","title":{"rendered":"Politique en mati\u00e8re de cookies"},"content":{"rendered":"<div class=\"cli_pg_page_contaner\">\n<h3>\u00c0 propos de cette politique de cookies.<\/h3>\n<div>Cette politique en mati\u00e8re de cookies explique ce que sont les cookies et comment nous les utilisons. Vous devez lire cette politique pour comprendre ce que sont les cookies, comment nous les utilisons, les types de cookies que nous utilisons, c&rsquo;est-\u00e0-dire les informations que nous collectons \u00e0 l&rsquo;aide des cookies et comment ces informations sont utilis\u00e9es et comment contr\u00f4ler les pr\u00e9f\u00e9rences en mati\u00e8re de cookies. Pour plus d&rsquo;informations sur la mani\u00e8re dont nous utilisons, stockons et gardons vos donn\u00e9es personnelles en s\u00e9curit\u00e9, consultez notre Politique de confidentialit\u00e9.<br \/>\nVous pouvez \u00e0 tout moment modifier ou retirer votre consentement \u00e0 la d\u00e9claration relative aux cookies sur notre site Internet.<br \/>\nApprenez-en davantage sur qui nous sommes, comment vous pouvez nous contacter et comment nous traitons les donn\u00e9es personnelles dans notre Politique de confidentialit\u00e9.<br \/>\nVotre consentement s&rsquo;applique aux domaines suivants : mydrap-professional.com<br \/>\n<div class=\"wt-cli-element cli_user_consent_state\"><\/div><\/div>\n<h3>Que sont les cookies ?<\/h3>\n<div>Les cookies sont de petits fichiers texte utilis\u00e9s pour stocker de petites informations. Les cookies sont stock\u00e9s sur votre appareil lorsque le site Internet est charg\u00e9 sur votre navigateur. Ces cookies nous aident \u00e0 faire fonctionner le site Web correctement, \u00e0 le rendre plus s\u00e9curis\u00e9, \u00e0 offrir une meilleure exp\u00e9rience utilisateur, \u00e0 comprendre les performances du site Web et \u00e0 analyser ce qui fonctionne et o\u00f9 il doit \u00eatre am\u00e9lior\u00e9.<\/div>\n<h3>Comment utilisons-nous les cookies ?<\/h3>\n<div>Comme la plupart des services en ligne, notre site Web utilise des cookies propri\u00e9taires et tiers \u00e0 plusieurs fins. Les cookies de premi\u00e8re partie sont pour la plupart n\u00e9cessaires au bon fonctionnement du site Web et ils ne collectent aucune de vos donn\u00e9es personnelles identifiables.<br \/>\nLes cookies tiers utilis\u00e9s sur nos sites Web sont principalement utilis\u00e9s pour comprendre les performances du site Web, la mani\u00e8re dont vous interagissez avec notre site Web, assurer la s\u00e9curit\u00e9 de nos services, fournir des publicit\u00e9s pertinentes pour vous et, dans l&rsquo;ensemble, vous offrir une exp\u00e9rience meilleure et am\u00e9lior\u00e9e. exp\u00e9rience utilisateur et vous aider \u00e0 acc\u00e9l\u00e9rer vos futures interactions avec notre site Web.<\/div>\n<h3>Quels types de cookies utilisons-nous ?<\/h3>\n<div>Les cookies utilis\u00e9s sur notre site Web sont regroup\u00e9s dans les cat\u00e9gories suivantes.<br \/>\n<div class=\"wt-cli-element cli_cookie_category_single\"><div class=\"cli_cookie_category_single\"><h5 class=\"cli_cookie_category_single_hd\">N\u00e9cessaire<\/h5><div class=\"cli_cookie_category_single_description\"><p>Les cookies n\u00e9cessaires sont absolument essentiels au bon fonctionnement du site Web. Ces cookies assurent les fonctionnalit\u00e9s de base et les \u00e9l\u00e9ments de s\u00e9curit\u00e9 du site Web, de mani\u00e8re anonyme.\r\n<table class=\"wt-cli-element cookielawinfo-row-cat-table cookielawinfo-winter\"><thead><tr><th scope=\"col\" class=\"cookielawinfo-column-1\">Cookie<\/th><th scope=\"col\" class=\"cookielawinfo-column-3\">Dur\u00e9e<\/th><th scope=\"col\" class=\"cookielawinfo-column-4\">Description<\/th><\/tr><\/thead><tbody><tr class=\"cookielawinfo-row\"><td class=\"cookielawinfo-column-1\">cookielawinfo-checkbox-analytics-es<\/td><td class=\"cookielawinfo-column-3\">1 an<\/td><td class=\"cookielawinfo-column-4\">CookieYes d\u00e9finit ce cookie pour stocker le consentement de l'utilisateur pour les cookies de la cat\u00e9gorie Analytics.<\/td><\/tr><tr class=\"cookielawinfo-row\"><td class=\"cookielawinfo-column-1\">cookielawinfo-checkbox-functional-es<\/td><td class=\"cookielawinfo-column-3\">1 an<\/td><td class=\"cookielawinfo-column-4\">CookieYes d\u00e9finit ce cookie pour enregistrer le consentement de l'utilisateur pour les cookies de la cat\u00e9gorie \u00ab Fonctionnel \u00bb.<\/td><\/tr><tr class=\"cookielawinfo-row\"><td class=\"cookielawinfo-column-1\">cookielawinfo-checkbox-necessary<\/td><td class=\"cookielawinfo-column-3\">11 months<\/td><td class=\"cookielawinfo-column-4\">This cookie is set by GDPR Cookie Consent plugin. The cookies is used to store the user consent for the cookies in the category \"Necessary\".<\/td><\/tr><tr class=\"cookielawinfo-row\"><td class=\"cookielawinfo-column-1\">cookielawinfo-checkbox-non-necessary<\/td><td class=\"cookielawinfo-column-3\">11 months<\/td><td class=\"cookielawinfo-column-4\">This cookie is set by GDPR Cookie Consent plugin. The cookies is used to store the user consent for the cookies in the category \"Non Necessary\".<\/td><\/tr><tr class=\"cookielawinfo-row\"><td class=\"cookielawinfo-column-1\">CookieLawInfoConsent<\/td><td class=\"cookielawinfo-column-3\">1 an<\/td><td class=\"cookielawinfo-column-4\">CookieYes d\u00e9finit ce cookie pour enregistrer l'\u00e9tat du bouton par d\u00e9faut de la cat\u00e9gorie correspondante et le statut du CCPA. Cela fonctionne uniquement en coordination avec le cookie principal.<\/td><\/tr><tr class=\"cookielawinfo-row\"><td class=\"cookielawinfo-column-1\">test_cookie<\/td><td class=\"cookielawinfo-column-3\">11 months<\/td><td class=\"cookielawinfo-column-4\"><\/td><\/tr><tr class=\"cookielawinfo-row\"><td class=\"cookielawinfo-column-1\">viewed_cookie_policy<\/td><td class=\"cookielawinfo-column-3\">11 mois<\/td><td class=\"cookielawinfo-column-4\">Le cookie est d\u00e9fini par le plugin GDPR Cookie Consent et est utilis\u00e9 pour stocker si l'utilisateur a consenti ou non \u00e0 l'utilisation de cookies. Il ne stocke aucune donn\u00e9e personnelle.<\/td><\/tr><tr class=\"cookielawinfo-row\"><td class=\"cookielawinfo-column-1\">wpEmojiSettingsSupports<\/td><td class=\"cookielawinfo-column-3\">session<\/td><td class=\"cookielawinfo-column-4\">WordPress d\u00e9finit ce cookie lorsqu'un utilisateur interagit avec des emojis sur un site WordPress. Cela permet de d\u00e9terminer si le navigateur de l'utilisateur peut afficher correctement les emojis.<\/td><\/tr><\/tbody><\/table><\/p><\/div><\/div><div class=\"cli_cookie_category_single\"><h5 class=\"cli_cookie_category_single_hd\">Analytique<\/h5><div class=\"cli_cookie_category_single_description\"><p>Les cookies analytiques sont utilis\u00e9s pour comprendre comment les visiteurs interagissent avec le site Web. Ces cookies aident \u00e0 fournir des informations sur les mesures telles que le nombre de visiteurs, le taux de rebond, la source du trafic, etc.\r\n<\/p><\/div><\/div><div class=\"cli_cookie_category_single\"><h5 class=\"cli_cookie_category_single_hd\">functional<\/h5><div class=\"cli_cookie_category_single_description\"><p>Les cookies fonctionnels aident \u00e0 ex\u00e9cuter certaines fonctionnalit\u00e9s telles que le partage du contenu du site Web sur les plateformes de m\u00e9dias sociaux, la collecte de commentaires et d'autres fonctionnalit\u00e9s tierces.\r\n<\/p><\/div><\/div><\/div><br \/>\nLa liste ci-dessous d\u00e9taille les cookies utilis\u00e9s sur notre site Web.<br \/>\n<table class=\"wt-cli-element cookielawinfo-classic cookielawinfo-row-cat-table\"><thead><tr><th scope=\"col\" class=\"cookielawinfo-column-1\">Cookie<\/th><th scope=\"col\" class=\"cookielawinfo-column-4\">Description<\/th><\/thead><tbody><tr class=\"cookielawinfo-row-cat-title\"><th colspan=\"2\" class=\"cookielawinfo-row-cat-title-head\">N\u00e9cessaire<\/th><\/tr><tr class=\"cookielawinfo-row\"><td class=\"cookielawinfo-column-1\">cookielawinfo-checkbox-functional-es<\/td><td class=\"cookielawinfo-column-4\">CookieYes d\u00e9finit ce cookie pour enregistrer le consentement de l'utilisateur pour les cookies de la cat\u00e9gorie \u00ab Fonctionnel \u00bb.<\/td><\/tr><tr class=\"cookielawinfo-row\"><td class=\"cookielawinfo-column-1\">cookielawinfo-checkbox-analytics-es<\/td><td class=\"cookielawinfo-column-4\">CookieYes d\u00e9finit ce cookie pour stocker le consentement de l'utilisateur pour les cookies de la cat\u00e9gorie Analytics.<\/td><\/tr><tr class=\"cookielawinfo-row\"><td class=\"cookielawinfo-column-1\">wpEmojiSettingsSupports<\/td><td class=\"cookielawinfo-column-4\">WordPress d\u00e9finit ce cookie lorsqu'un utilisateur interagit avec des emojis sur un site WordPress. Cela permet de d\u00e9terminer si le navigateur de l'utilisateur peut afficher correctement les emojis.<\/td><\/tr><tr class=\"cookielawinfo-row\"><td class=\"cookielawinfo-column-1\">CookieLawInfoConsent<\/td><td class=\"cookielawinfo-column-4\">CookieYes d\u00e9finit ce cookie pour enregistrer l'\u00e9tat du bouton par d\u00e9faut de la cat\u00e9gorie correspondante et le statut du CCPA. Cela fonctionne uniquement en coordination avec le cookie principal.<\/td><\/tr><tr class=\"cookielawinfo-row\"><td class=\"cookielawinfo-column-1\">test_cookie<\/td><td class=\"cookielawinfo-column-4\"><\/td><\/tr><tr class=\"cookielawinfo-row\"><td class=\"cookielawinfo-column-1\">cookielawinfo-checkbox-non-necessary<\/td><td class=\"cookielawinfo-column-4\">This cookie is set by GDPR Cookie Consent plugin. The cookies is used to store the user consent for the cookies in the category \"Non Necessary\".<\/td><\/tr><tr class=\"cookielawinfo-row\"><td class=\"cookielawinfo-column-1\">cookielawinfo-checkbox-necessary<\/td><td class=\"cookielawinfo-column-4\">This cookie is set by GDPR Cookie Consent plugin. The cookies is used to store the user consent for the cookies in the category \"Necessary\".<\/td><\/tr><tr class=\"cookielawinfo-row\"><td class=\"cookielawinfo-column-1\">viewed_cookie_policy<\/td><td class=\"cookielawinfo-column-4\">Le cookie est d\u00e9fini par le plugin GDPR Cookie Consent et est utilis\u00e9 pour stocker si l'utilisateur a consenti ou non \u00e0 l'utilisation de cookies. Il ne stocke aucune donn\u00e9e personnelle.<\/td><\/tr><tr class=\"cookielawinfo-row-cat-title\"><th colspan=\"2\" class=\"cookielawinfo-row-cat-title-head\">Analytique<\/th><\/tr><tr class=\"cookielawinfo-row\"><td class=\"cookielawinfo-column-1\">_ga<\/td><td class=\"cookielawinfo-column-4\">Google Analytics d\u00e9finit ce cookie pour calculer les donn\u00e9es des visiteurs, des sessions et des campagnes et suivre l'utilisation du site pour le rapport d'analyse du site. Le cookie stocke les informations de mani\u00e8re anonyme et attribue un num\u00e9ro g\u00e9n\u00e9r\u00e9 al\u00e9atoirement pour reconna\u00eetre les visiteurs uniques.<\/td><\/tr><tr class=\"cookielawinfo-row\"><td class=\"cookielawinfo-column-1\">_ga_*<\/td><td class=\"cookielawinfo-column-4\">Google Analytics d\u00e9finit ce cookie pour stocker et compter les pages vues.<\/td><\/tr><tr class=\"cookielawinfo-row-cat-title\"><th colspan=\"2\" class=\"cookielawinfo-row-cat-title-head\">functional<\/th><\/tr><tr class=\"cookielawinfo-row\"><td class=\"cookielawinfo-column-1\">wp-wpml_current_language<\/td><td class=\"cookielawinfo-column-4\">Le plugin multilingue WordPress d\u00e9finit ce cookie pour stocker la langue\/les param\u00e8tres de langue actuels.<\/td><\/tr><\/tbody><\/table><\/div>\n<h3>Comment puis-je contr\u00f4ler les pr\u00e9f\u00e9rences en mati\u00e8re de cookies ?<\/h3>\n<div>Vous pouvez g\u00e9rer vos pr\u00e9f\u00e9rences en mati\u00e8re de cookies en cliquant sur le bouton \u00ab Param\u00e8tres \u00bb et en activant ou d\u00e9sactivant les cat\u00e9gories de cookies sur la popup selon vos pr\u00e9f\u00e9rences.<br \/>\nSi vous d\u00e9cidez de modifier vos pr\u00e9f\u00e9rences ult\u00e9rieurement au cours de votre session de navigation, vous pouvez cliquer sur l&rsquo;onglet \u00ab G\u00e9rer le consentement \u00bb sur votre \u00e9cran. Cela affichera \u00e0 nouveau l&rsquo;avis de consentement vous permettant de modifier vos pr\u00e9f\u00e9rences ou de retirer compl\u00e8tement votre consentement.En plus de cela, diff\u00e9rents navigateurs proposent diff\u00e9rentes m\u00e9thodes pour bloquer et supprimer les cookies utilis\u00e9s par les sites Web. Vous pouvez modifier les param\u00e8tres de votre navigateur pour bloquer\/supprimer les cookies. Pour en savoir plus sur la gestion et la suppression des cookies, visitez wikipedia.org, www.allaboutcookies.org.<\/div>\n<a id=\"wt-cli-settings-btn\" tabindex=\"0\" role='button' style=\"border-bottom:1px solid; text-decoration:none;\" class=\"wt-cli-element cli_settings_button\"  >Configurer les cookies<\/a>\n<\/div>\n","protected":false},"excerpt":{"rendered":"<p>\u00c0 propos de cette politique de cookies. Cette politique en mati\u00e8re de cookies explique ce que sont les cookies et comment nous les utilisons. Vous devez lire cette politique pour &hellip;<\/p>\n","protected":false},"author":1,"featured_media":0,"parent":0,"menu_order":0,"comment_status":"closed","ping_status":"closed","template":"page-templates\/page-basic-page.php","meta":{"_acf_changed":false,"footnotes":""},"class_list":["post-2308","page","type-page","status-publish","hentry"],"acf":[],"yoast_head":"<!-- This site is optimized with the Yoast SEO plugin v27.2 - https:\/\/yoast.com\/product\/yoast-seo-wordpress\/ -->\n<title>Politique en mati\u00e8re de cookies - MY DRAP PROFESSIONAL | El detalle que marca la diferencia<\/title>\n<meta name=\"description\" content=\"\u00c0 propos de cette politique de cookies. Cette politique en mati\u00e8re de cookies explique ce que sont les cookies et comment nous les utilisons. Vous devez\" \/>\n<meta name=\"robots\" content=\"index, follow, max-snippet:-1, max-image-preview:large, max-video-preview:-1\" \/>\n<link rel=\"canonical\" href=\"https:\/\/mydrap-professional.com\/fr\/cookie-policy\/\" \/>\n<meta property=\"og:locale\" content=\"fr_FR\" \/>\n<meta property=\"og:type\" content=\"article\" \/>\n<meta property=\"og:title\" content=\"Politique en mati\u00e8re de cookies - MY DRAP PROFESSIONAL | El detalle que marca la diferencia\" \/>\n<meta property=\"og:description\" content=\"\u00c0 propos de cette politique de cookies. Cette politique en mati\u00e8re de cookies explique ce que sont les cookies et comment nous les utilisons. Vous devez\" \/>\n<meta property=\"og:url\" content=\"https:\/\/mydrap-professional.com\/fr\/cookie-policy\/\" \/>\n<meta property=\"og:site_name\" content=\"MY DRAP PROFESSIONAL | El detalle que marca la diferencia\" \/>\n<meta property=\"article:modified_time\" content=\"2024-06-17T13:42:38+00:00\" \/>\n<meta name=\"twitter:card\" content=\"summary_large_image\" \/>\n<meta name=\"twitter:label1\" content=\"Dur\u00e9e de lecture estim\u00e9e\" \/>\n\t<meta name=\"twitter:data1\" content=\"3 minutes\" \/>\n<script type=\"application\/ld+json\" class=\"yoast-schema-graph\">{\"@context\":\"https:\/\/schema.org\",\"@graph\":[{\"@type\":\"WebPage\",\"@id\":\"https:\/\/mydrap-professional.com\/fr\/cookie-policy\/\",\"url\":\"https:\/\/mydrap-professional.com\/fr\/cookie-policy\/\",\"name\":\"Politique en mati\u00e8re de cookies - MY DRAP PROFESSIONAL | El detalle que marca la diferencia\",\"isPartOf\":{\"@id\":\"https:\/\/mydrap-professional.com\/fr\/#website\"},\"datePublished\":\"2024-06-17T11:59:49+00:00\",\"dateModified\":\"2024-06-17T13:42:38+00:00\",\"description\":\"\u00c0 propos de cette politique de cookies. Cette politique en mati\u00e8re de cookies explique ce que sont les cookies et comment nous les utilisons. Vous devez\",\"breadcrumb\":{\"@id\":\"https:\/\/mydrap-professional.com\/fr\/cookie-policy\/#breadcrumb\"},\"inLanguage\":\"fr-FR\",\"potentialAction\":[{\"@type\":\"ReadAction\",\"target\":[\"https:\/\/mydrap-professional.com\/fr\/cookie-policy\/\"]}]},{\"@type\":\"BreadcrumbList\",\"@id\":\"https:\/\/mydrap-professional.com\/fr\/cookie-policy\/#breadcrumb\",\"itemListElement\":[{\"@type\":\"ListItem\",\"position\":1,\"name\":\"Portada\",\"item\":\"https:\/\/mydrap-professional.com\/fr\/\"},{\"@type\":\"ListItem\",\"position\":2,\"name\":\"Politique en mati\u00e8re de cookies\"}]},{\"@type\":\"WebSite\",\"@id\":\"https:\/\/mydrap-professional.com\/fr\/#website\",\"url\":\"https:\/\/mydrap-professional.com\/fr\/\",\"name\":\"MY DRAP PROFESSIONAL | El detalle que marca la diferencia\",\"description\":\"Servilletas para eventos, manteles individuales y caminos de mesa de un solo uso y precortados. \u00a1Visita la web de MY DRAP PROFESSIONAL y desc\u00fabrenos!\",\"publisher\":{\"@id\":\"https:\/\/mydrap-professional.com\/fr\/#organization\"},\"potentialAction\":[{\"@type\":\"SearchAction\",\"target\":{\"@type\":\"EntryPoint\",\"urlTemplate\":\"https:\/\/mydrap-professional.com\/fr\/?s={search_term_string}\"},\"query-input\":{\"@type\":\"PropertyValueSpecification\",\"valueRequired\":true,\"valueName\":\"search_term_string\"}}],\"inLanguage\":\"fr-FR\"},{\"@type\":\"Organization\",\"@id\":\"https:\/\/mydrap-professional.com\/fr\/#organization\",\"name\":\"MY DRAP PROFESSIONAL | El detalle que marca la diferencia\",\"url\":\"https:\/\/mydrap-professional.com\/fr\/\",\"logo\":{\"@type\":\"ImageObject\",\"inLanguage\":\"fr-FR\",\"@id\":\"https:\/\/mydrap-professional.com\/fr\/#\/schema\/logo\/image\/\",\"url\":\"https:\/\/mydrap-professional.com\/wp-content\/uploads\/logo_mydrap_professional.png\",\"contentUrl\":\"https:\/\/mydrap-professional.com\/wp-content\/uploads\/logo_mydrap_professional.png\",\"width\":306,\"height\":177,\"caption\":\"MY DRAP PROFESSIONAL | El detalle que marca la diferencia\"},\"image\":{\"@id\":\"https:\/\/mydrap-professional.com\/fr\/#\/schema\/logo\/image\/\"}}]}<\/script>\n<!-- \/ Yoast SEO plugin. -->","yoast_head_json":{"title":"Politique en mati\u00e8re de cookies - MY DRAP PROFESSIONAL | El detalle que marca la diferencia","description":"\u00c0 propos de cette politique de cookies. Cette politique en mati\u00e8re de cookies explique ce que sont les cookies et comment nous les utilisons. Vous devez","robots":{"index":"index","follow":"follow","max-snippet":"max-snippet:-1","max-image-preview":"max-image-preview:large","max-video-preview":"max-video-preview:-1"},"canonical":"https:\/\/mydrap-professional.com\/fr\/cookie-policy\/","og_locale":"fr_FR","og_type":"article","og_title":"Politique en mati\u00e8re de cookies - MY DRAP PROFESSIONAL | El detalle que marca la diferencia","og_description":"\u00c0 propos de cette politique de cookies. Cette politique en mati\u00e8re de cookies explique ce que sont les cookies et comment nous les utilisons. Vous devez","og_url":"https:\/\/mydrap-professional.com\/fr\/cookie-policy\/","og_site_name":"MY DRAP PROFESSIONAL | El detalle que marca la diferencia","article_modified_time":"2024-06-17T13:42:38+00:00","twitter_card":"summary_large_image","twitter_misc":{"Dur\u00e9e de lecture estim\u00e9e":"3 minutes"},"schema":{"@context":"https:\/\/schema.org","@graph":[{"@type":"WebPage","@id":"https:\/\/mydrap-professional.com\/fr\/cookie-policy\/","url":"https:\/\/mydrap-professional.com\/fr\/cookie-policy\/","name":"Politique en mati\u00e8re de cookies - MY DRAP PROFESSIONAL | El detalle que marca la diferencia","isPartOf":{"@id":"https:\/\/mydrap-professional.com\/fr\/#website"},"datePublished":"2024-06-17T11:59:49+00:00","dateModified":"2024-06-17T13:42:38+00:00","description":"\u00c0 propos de cette politique de cookies. Cette politique en mati\u00e8re de cookies explique ce que sont les cookies et comment nous les utilisons. Vous devez","breadcrumb":{"@id":"https:\/\/mydrap-professional.com\/fr\/cookie-policy\/#breadcrumb"},"inLanguage":"fr-FR","potentialAction":[{"@type":"ReadAction","target":["https:\/\/mydrap-professional.com\/fr\/cookie-policy\/"]}]},{"@type":"BreadcrumbList","@id":"https:\/\/mydrap-professional.com\/fr\/cookie-policy\/#breadcrumb","itemListElement":[{"@type":"ListItem","position":1,"name":"Portada","item":"https:\/\/mydrap-professional.com\/fr\/"},{"@type":"ListItem","position":2,"name":"Politique en mati\u00e8re de cookies"}]},{"@type":"WebSite","@id":"https:\/\/mydrap-professional.com\/fr\/#website","url":"https:\/\/mydrap-professional.com\/fr\/","name":"MY DRAP PROFESSIONAL | El detalle que marca la diferencia","description":"Servilletas para eventos, manteles individuales y caminos de mesa de un solo uso y precortados. \u00a1Visita la web de MY DRAP PROFESSIONAL y desc\u00fabrenos!","publisher":{"@id":"https:\/\/mydrap-professional.com\/fr\/#organization"},"potentialAction":[{"@type":"SearchAction","target":{"@type":"EntryPoint","urlTemplate":"https:\/\/mydrap-professional.com\/fr\/?s={search_term_string}"},"query-input":{"@type":"PropertyValueSpecification","valueRequired":true,"valueName":"search_term_string"}}],"inLanguage":"fr-FR"},{"@type":"Organization","@id":"https:\/\/mydrap-professional.com\/fr\/#organization","name":"MY DRAP PROFESSIONAL | El detalle que marca la diferencia","url":"https:\/\/mydrap-professional.com\/fr\/","logo":{"@type":"ImageObject","inLanguage":"fr-FR","@id":"https:\/\/mydrap-professional.com\/fr\/#\/schema\/logo\/image\/","url":"https:\/\/mydrap-professional.com\/wp-content\/uploads\/logo_mydrap_professional.png","contentUrl":"https:\/\/mydrap-professional.com\/wp-content\/uploads\/logo_mydrap_professional.png","width":306,"height":177,"caption":"MY DRAP PROFESSIONAL | El detalle que marca la diferencia"},"image":{"@id":"https:\/\/mydrap-professional.com\/fr\/#\/schema\/logo\/image\/"}}]}},"_links":{"self":[{"href":"https:\/\/mydrap-professional.com\/fr\/wp-json\/wp\/v2\/pages\/2308","targetHints":{"allow":["GET"]}}],"collection":[{"href":"https:\/\/mydrap-professional.com\/fr\/wp-json\/wp\/v2\/pages"}],"about":[{"href":"https:\/\/mydrap-professional.com\/fr\/wp-json\/wp\/v2\/types\/page"}],"author":[{"embeddable":true,"href":"https:\/\/mydrap-professional.com\/fr\/wp-json\/wp\/v2\/users\/1"}],"replies":[{"embeddable":true,"href":"https:\/\/mydrap-professional.com\/fr\/wp-json\/wp\/v2\/comments?post=2308"}],"version-history":[{"count":7,"href":"https:\/\/mydrap-professional.com\/fr\/wp-json\/wp\/v2\/pages\/2308\/revisions"}],"predecessor-version":[{"id":2328,"href":"https:\/\/mydrap-professional.com\/fr\/wp-json\/wp\/v2\/pages\/2308\/revisions\/2328"}],"wp:attachment":[{"href":"https:\/\/mydrap-professional.com\/fr\/wp-json\/wp\/v2\/media?parent=2308"}],"curies":[{"name":"wp","href":"https:\/\/api.w.org\/{rel}","templated":true}]}}